{"id":220,"date":"2016-05-12T12:15:17","date_gmt":"2016-05-12T12:15:17","guid":{"rendered":"http:\/\/ferienwohnungkirsch.de\/web\/?page_id=220"},"modified":"2022-03-10T22:15:17","modified_gmt":"2022-03-10T21:15:17","slug":"wohnzimmer","status":"publish","type":"page","link":"https:\/\/ferienwohnungkirsch.de\/web\/ansichten\/wohnzimmer\/","title":{"rendered":"Im Esszimmer und im Wohnzimmer gem\u00fctlich verweilen"},"content":{"rendered":"<table style=\"width: 579px;\" border=\"0\" cellspacing=\"1\" cellpadding=\"1\">\n<tbody>\n<tr>\n<td style=\"text-align: center;\"><img loading=\"lazy\" decoding=\"async\" class=\"aligncenter  wp-image-943\" src=\"https:\/\/ferienwohnungkirsch.de\/web\/wp-content\/uploads\/2022\/03\/FeWo-Kirsch-11-FILEminimizer-400x265.jpg\" alt=\"\" width=\"304\" height=\"201\" srcset=\"https:\/\/ferienwohnungkirsch.de\/web\/wp-content\/uploads\/2022\/03\/FeWo-Kirsch-11-FILEminimizer-400x265.jpg 400w, https:\/\/ferienwohnungkirsch.de\/web\/wp-content\/uploads\/2022\/03\/FeWo-Kirsch-11-FILEminimizer-150x99.jpg 150w, https:\/\/ferienwohnungkirsch.de\/web\/wp-content\/uploads\/2022\/03\/FeWo-Kirsch-11-FILEminimizer-768x508.jpg 768w, https:\/\/ferienwohnungkirsch.de\/web\/wp-content\/uploads\/2022\/03\/FeWo-Kirsch-11-FILEminimizer.jpg 1161w\" sizes=\"auto, (max-width: 304px) 100vw, 304px\" \/><\/td>\n<td style=\"text-align: center;\"><img loading=\"lazy\" decoding=\"async\" class=\"aligncenter  wp-image-757\" src=\"https:\/\/ferienwohnungkirsch.de\/web\/wp-content\/uploads\/2020\/09\/MG_5076-Kopie-FILEminimizer-400x267.jpg\" alt=\"\" width=\"267\" height=\"179\" srcset=\"https:\/\/ferienwohnungkirsch.de\/web\/wp-content\/uploads\/2020\/09\/MG_5076-Kopie-FILEminimizer-400x267.jpg 400w, https:\/\/ferienwohnungkirsch.de\/web\/wp-content\/uploads\/2020\/09\/MG_5076-Kopie-FILEminimizer-150x100.jpg 150w, https:\/\/ferienwohnungkirsch.de\/web\/wp-content\/uploads\/2020\/09\/MG_5076-Kopie-FILEminimizer-768x512.jpg 768w, https:\/\/ferienwohnungkirsch.de\/web\/wp-content\/uploads\/2020\/09\/MG_5076-Kopie-FILEminimizer.jpg 1152w\" sizes=\"auto, (max-width: 267px) 100vw, 267px\" \/><\/td>\n<\/tr>\n<tr>\n<td style=\"text-align: center;\" colspan=\"2\"><i>Das Esszimmer mit eigenem Treppenabgang in den Garten.<\/i><\/td>\n<\/tr>\n<tr>\n<td style=\"text-align: center;\"><img loading=\"lazy\" decoding=\"async\" class=\"aligncenter  wp-image-946\" src=\"https:\/\/ferienwohnungkirsch.de\/web\/wp-content\/uploads\/2022\/03\/FeWo-Kirsch-14-400x319.jpg\" alt=\"\" width=\"255\" height=\"204\" srcset=\"https:\/\/ferienwohnungkirsch.de\/web\/wp-content\/uploads\/2022\/03\/FeWo-Kirsch-14-400x319.jpg 400w, https:\/\/ferienwohnungkirsch.de\/web\/wp-content\/uploads\/2022\/03\/FeWo-Kirsch-14-150x120.jpg 150w, https:\/\/ferienwohnungkirsch.de\/web\/wp-content\/uploads\/2022\/03\/FeWo-Kirsch-14-768x612.jpg 768w, https:\/\/ferienwohnungkirsch.de\/web\/wp-content\/uploads\/2022\/03\/FeWo-Kirsch-14-1536x1224.jpg 1536w, https:\/\/ferienwohnungkirsch.de\/web\/wp-content\/uploads\/2022\/03\/FeWo-Kirsch-14-2048x1632.jpg 2048w\" sizes=\"auto, (max-width: 255px) 100vw, 255px\" \/><\/td>\n<td style=\"text-align: center;\"><img loading=\"lazy\" decoding=\"async\" class=\"aligncenter  wp-image-947\" src=\"https:\/\/ferienwohnungkirsch.de\/web\/wp-content\/uploads\/2022\/03\/FeWo-Kirsch-15-FILEminimizer-400x265.jpg\" alt=\"\" width=\"306\" height=\"202\" srcset=\"https:\/\/ferienwohnungkirsch.de\/web\/wp-content\/uploads\/2022\/03\/FeWo-Kirsch-15-FILEminimizer-400x265.jpg 400w, https:\/\/ferienwohnungkirsch.de\/web\/wp-content\/uploads\/2022\/03\/FeWo-Kirsch-15-FILEminimizer-150x99.jpg 150w, https:\/\/ferienwohnungkirsch.de\/web\/wp-content\/uploads\/2022\/03\/FeWo-Kirsch-15-FILEminimizer-768x508.jpg 768w, https:\/\/ferienwohnungkirsch.de\/web\/wp-content\/uploads\/2022\/03\/FeWo-Kirsch-15-FILEminimizer.jpg 1161w\" sizes=\"auto, (max-width: 306px) 100vw, 306px\" \/><\/td>\n<\/tr>\n<\/tbody>\n<\/table>\n\n\n<p><em>Das Wohnzimmer ist mit Sateliten-TV und Internet-Breitbandanschluss (LAN-Wlan) ausgestattet.<\/em><\/p>\n\n\n\n<p><em>Die Ferienwohnung verf\u00fcgt \u00fcber einen Aussenbalkon, sowie einen direkten&nbsp; Zugang \u00fcber eine Wendeltreppe zur eigenen Terrasse und in den in den Garten.<\/em><\/p>\n\n\n\n<p><em>In einem Safe k\u00f6nnen Sie Wertgegenst\u00e4nde deponieren.<\/em><\/p>\n\n\n\n<p><strong>Mit &nbsp;R\u00fccksicht auf unsere G\u00e4ste k\u00f6nnen wir die Haltung von Haustieren sowie das Rauchen in der Ferienwohnung nicht gestatten.<\/strong>            <strong>Rauchen ist nur auf dem \u00fcberdachten Au\u00dfenbalkon erlaubt !!!<\/strong><\/p>\n","protected":false},"excerpt":{"rendered":"<p>Das Esszimmer mit eigenem Treppenabgang in den Garten. Das Wohnzimmer ist mit Sateliten-TV und Internet-Breitbandanschluss (LAN-Wlan) ausgestattet. Die Ferienwohnung verf\u00fcgt \u00fcber einen Aussenbalkon, sowie einen direkten&nbsp; Zugang \u00fcber eine Wendeltreppe zur eigenen Terrasse und in den in den Garten. In einem Safe k\u00f6nnen Sie Wertgegenst\u00e4nde deponieren. Mit &nbsp;R\u00fccksicht auf unsere G\u00e4ste k\u00f6nnen wir die Haltung [&hellip;]<\/p>\n","protected":false},"author":1,"featured_media":0,"parent":214,"menu_order":2,"comment_status":"closed","ping_status":"closed","template":"","meta":{"footnotes":""},"class_list":["post-220","page","type-page","status-publish","hentry"],"_links":{"self":[{"href":"https:\/\/ferienwohnungkirsch.de\/web\/wp-json\/wp\/v2\/pages\/220","targetHints":{"allow":["GET"]}}],"collection":[{"href":"https:\/\/ferienwohnungkirsch.de\/web\/wp-json\/wp\/v2\/pages"}],"about":[{"href":"https:\/\/ferienwohnungkirsch.de\/web\/wp-json\/wp\/v2\/types\/page"}],"author":[{"embeddable":true,"href":"https:\/\/ferienwohnungkirsch.de\/web\/wp-json\/wp\/v2\/users\/1"}],"replies":[{"embeddable":true,"href":"https:\/\/ferienwohnungkirsch.de\/web\/wp-json\/wp\/v2\/comments?post=220"}],"version-history":[{"count":28,"href":"https:\/\/ferienwohnungkirsch.de\/web\/wp-json\/wp\/v2\/pages\/220\/revisions"}],"predecessor-version":[{"id":1168,"href":"https:\/\/ferienwohnungkirsch.de\/web\/wp-json\/wp\/v2\/pages\/220\/revisions\/1168"}],"up":[{"embeddable":true,"href":"https:\/\/ferienwohnungkirsch.de\/web\/wp-json\/wp\/v2\/pages\/214"}],"wp:attachment":[{"href":"https:\/\/ferienwohnungkirsch.de\/web\/wp-json\/wp\/v2\/media?parent=220"}],"curies":[{"name":"wp","href":"https:\/\/api.w.org\/{rel}","templated":true}]}}