{"id":256,"date":"2016-05-12T17:06:40","date_gmt":"2016-05-12T17:06:40","guid":{"rendered":"http:\/\/ferienwohnungkirsch.de\/web\/?page_id=256"},"modified":"2021-06-28T20:50:03","modified_gmt":"2021-06-28T18:50:03","slug":"sehenswert","status":"publish","type":"page","link":"https:\/\/ferienwohnungkirsch.de\/web\/sehenswert\/","title":{"rendered":"Sehenswertes f\u00fcr Sie speziell notiert"},"content":{"rendered":"<h1>Interessante Links<\/h1>\n<p>Das Sankt-Wendeler-Land und auch die Umgebung bieten Ihnen aus touristischer Sicht mannigfaltige M\u00f6glichkeiten um Ihrem Hunger nach Aktivit\u00e4t das Entsprechende anzubieten. Die Mu\u00dfe nach Entspannung oder auch Ihre Neugier nach Entdeckungen kommen ebenfalls nicht zu kurz und werden reichlich entlohnt werden.<\/p>\n<p>Besuchen Sie die folgenden von uns f\u00fcr Sie speziell vorgeschlagenen Seiten.<\/p>\n<ul>\n<li>Kleines Land, gro\u00dfes Erlebnis.<br \/>\nDie anspruchsvolle Wanderplattform f\u00fcr erlebnisreichen Wandergenuss im Dreil\u00e4ndereck Deutschland, Frankreich, Luxembourg.<br \/>\n<a href=\"http:\/\/www.wanderbares-saarland.de\" target=\"_blank\" rel=\"noopener noreferrer\">www.wanderbares-saarland.de<\/a><\/li>\n<li>Die Sport- und Erlebnisstadt im Saarland &#8211; St. Wendel. Informationen und ein Wegweiser durch die Kreisstadt.<br \/>\n<a href=\"http:\/\/www.sankt-wendel.de\" target=\"_blank\" rel=\"noopener noreferrer\">www.sankt-wendel.de<\/a><\/li>\n<li>Sankt Wendeler Land und Bostalsee.<br \/>\nEine traumhafte Natur und\u00a0die abwechslungsreiche Landschaft des Naturparks Saar-Hunsr\u00fcck im Saarland\u00a0laden zum Entdecken der kultur-historischen Besonderheiten und zum\u00a0Wandern und Radfahren\u00a0ein.<br \/>\n<a href=\"http:\/\/www.sankt-wendeler-land.de\" target=\"_blank\" rel=\"noopener noreferrer\">www.sankt-wendeler-land.de<\/a><\/li>\n<li>Freizeitspa\u00df im Wendelinus-Park.<br \/>\nDer\u00a0 Wendelinus-Freizeitpark bietet auf einer weitl\u00e4ufigen Fl\u00e4che herausragende Einrichtungen f\u00fcr moderne Trendsportarten.<br \/>\nDer von L\u00e4ufern, Skatern und Radfahrern ausgiebig genutzte rund\u00a05 Kilometer lange, abends beleuchtete und komplett asphaltierte Sportrundweg, der Golfpark mit \u00f6ffentlichem 9-Loch-Platz und gro\u00dfem 27-Loch-Meisterschaftsplatz sind die Highlights..<br \/>\n<a href=\"http:\/\/www.wendelinuspark.de\" target=\"_blank\" rel=\"noopener noreferrer\">www.wendelinuspark.de<\/a><\/li>\n<li>Aktionsgemeinschaft St. Wendel &#8211; Mit der ganzen Vielfalt von St. Wendel.<br \/>\nVeranstaltungen &#8211; Neuigkeiten &#8211; Einkaufen &#8211; Gastronomie<br \/>\n<a href=\"http:\/\/www.mywnd.de\" target=\"_blank\" rel=\"noopener noreferrer\">www.mywnd.de<\/a><\/li>\n<li>Die Gemeinde Marpingen im Kreis St. Wendel:<br \/>\n<a href=\"http:\/\/www.marpingen.de\" target=\"_blank\" rel=\"noopener noreferrer\">www.marpingen.de<\/a><\/li>\n<li><span class=\"Subheadline\">GONDWANA &#8211; Das Praehistorium<\/span>:<br \/>\n<a href=\"http:\/\/www.gondwana-praehistorium.de\" target=\"_blank\" rel=\"noopener noreferrer\">www.gondwana-praehistorium.de<\/a><\/li>\n<\/ul>\n<p style=\"margin: 0px 0px 13px;\"><span style=\"margin: 0px; color: black; line-height: 115%; font-family: 'Times New Roman','serif'; font-size: 14pt;\">\u00a0<\/span><\/p>\n<p style=\"background: white; margin: 0px; line-height: normal;\">\n<p style=\"background: white; margin: 0px; line-height: normal;\">\n<p style=\"background: white; margin: 0px; line-height: normal;\">\n<p style=\"margin: 0px 0px 13px;\">\n","protected":false},"excerpt":{"rendered":"<p>Interessante Links Das Sankt-Wendeler-Land und auch die Umgebung bieten Ihnen aus touristischer Sicht mannigfaltige M\u00f6glichkeiten um Ihrem Hunger nach Aktivit\u00e4t das Entsprechende anzubieten. Die Mu\u00dfe nach Entspannung oder auch Ihre Neugier nach Entdeckungen kommen ebenfalls nicht zu kurz und werden reichlich entlohnt werden. Besuchen Sie die folgenden von uns f\u00fcr Sie speziell vorgeschlagenen Seiten. Kleines [&hellip;]<\/p>\n","protected":false},"author":1,"featured_media":0,"parent":0,"menu_order":0,"comment_status":"closed","ping_status":"closed","template":"","meta":{"footnotes":""},"class_list":["post-256","page","type-page","status-publish","hentry"],"aioseo_notices":[],"_links":{"self":[{"href":"https:\/\/ferienwohnungkirsch.de\/web\/wp-json\/wp\/v2\/pages\/256","targetHints":{"allow":["GET"]}}],"collection":[{"href":"https:\/\/ferienwohnungkirsch.de\/web\/wp-json\/wp\/v2\/pages"}],"about":[{"href":"https:\/\/ferienwohnungkirsch.de\/web\/wp-json\/wp\/v2\/types\/page"}],"author":[{"embeddable":true,"href":"https:\/\/ferienwohnungkirsch.de\/web\/wp-json\/wp\/v2\/users\/1"}],"replies":[{"embeddable":true,"href":"https:\/\/ferienwohnungkirsch.de\/web\/wp-json\/wp\/v2\/comments?post=256"}],"version-history":[{"count":30,"href":"https:\/\/ferienwohnungkirsch.de\/web\/wp-json\/wp\/v2\/pages\/256\/revisions"}],"predecessor-version":[{"id":921,"href":"https:\/\/ferienwohnungkirsch.de\/web\/wp-json\/wp\/v2\/pages\/256\/revisions\/921"}],"wp:attachment":[{"href":"https:\/\/ferienwohnungkirsch.de\/web\/wp-json\/wp\/v2\/media?parent=256"}],"curies":[{"name":"wp","href":"https:\/\/api.w.org\/{rel}","templated":true}]}}