{"id":262,"date":"2016-05-12T17:45:05","date_gmt":"2016-05-12T17:45:05","guid":{"rendered":"http:\/\/ferienwohnungkirsch.de\/web\/?page_id=262"},"modified":"2026-05-13T23:31:36","modified_gmt":"2026-05-13T21:31:36","slug":"preise","status":"publish","type":"page","link":"https:\/\/ferienwohnungkirsch.de\/web\/preise\/","title":{"rendered":"Angemessene Preise f\u00fcr Ihren Aufenthalt"},"content":{"rendered":"\n<div class=\"wp-block-group is-layout-flow wp-block-group-is-layout-flow\">\n<h1>Unsere Preise<\/h1>\n<table style=\"width: 100%;\" border=\"0\" cellspacing=\"1\" cellpadding=\"1\">\n<tbody>\n<tr>\n<td>\n<h2>Ferienwohnung:<\/h2>\n<ul>\n<li style=\"list-style-type: none;\">\n<ul>\n<li><strong><u>ab 3 N\u00e4chte<\/u><\/strong><br \/><strong>1 Pers. 60 \u20ac Nacht<\/strong><br \/><strong>2 Pers. 70 \u20ac Nacht\u00a0<\/strong><\/li>\n<li>\u00a0<\/li>\n<\/ul>\n<\/li>\n<\/ul>\n<p><span style=\"font-size: 16px;\"><strong><span style=\"color: #b22222;\">Schlafen in getrennten Zimmer m\u00f6glich !<\/span><\/strong><\/span><\/p>\n<p><span style=\"font-size: 16px;\"><strong><span style=\"color: #b22222;\">Check-in 14.30 Uhr &#8211; Check-out 10.00 Uhr<\/span><\/strong><\/span><span style=\"font-size: 16px;\"><strong><span style=\"color: #b22222;\"> \u00a0 \u00a0 \u00a0\u00a0\u00a0\u00a0 <\/span><\/strong><\/span><\/p>\n<p><span style=\"font-size: 16px;\"><span style=\"color: #b22222;\"><strong>\u00a0\u00a0\u00a0\u00a0\u00a0\u00a0\u00a0\u00a0\u00a0\u00a0\u00a0\u00a0\u00a0\u00a0\u00a0\u00a0\u00a0\u00a0\u00a0\u00a0\u00a0\u00a0\u00a0\u00a0\u00a0\u00a0\u00a0\u00a0\u00a0\u00a0\u00a0\u00a0\u00a0\u00a0\u00a0\u00a0\u00a0\u00a0\u00a0\u00a0\u00a0\u00a0\u00a0\u00a0\u00a0\u00a0\u00a0\u00a0\u00a0\u00a0\u00a0\u00a0\u00a0\u00a0\u00a0\u00a0\u00a0\u00a0\u00a0 <\/strong><\/span><\/span><span style=\"color: #b22222;\"><strong><span style=\"font-size: 18px;\">\u00a0\u00a0\u00a0\u00a0\u00a0\u00a0\u00a0\u00a0\u00a0\u00a0\u00a0\u00a0\u00a0\u00a0\u00a0\u00a0\u00a0\u00a0\u00a0\u00a0\u00a0\u00a0\u00a0\u00a0\u00a0\u00a0\u00a0\u00a0\u00a0\u00a0\u00a0\u00a0\u00a0\u00a0\u00a0\u00a0\u00a0\u00a0\u00a0\u00a0\u00a0\u00a0\u00a0\u00a0\u00a0\u00a0\u00a0\u00a0\u00a0\u00a0\u00a0\u00a0\u00a0\u00a0\u00a0\u00a0\u00a0\u00a0\u00a0 <\/span><\/strong><\/span><span style=\"font-size: 18px;\"><span style=\"color: #008000;\"><b>\u00a0\u00a0\u00a0\u00a0\u00a0\u00a0\u00a0\u00a0\u00a0\u00a0\u00a0\u00a0\u00a0\u00a0\u00a0\u00a0\u00a0\u00a0\u00a0\u00a0\u00a0\u00a0\u00a0\u00a0\u00a0\u00a0\u00a0\u00a0\u00a0\u00a0\u00a0\u00a0\u00a0\u00a0\u00a0\u00a0\u00a0\u00a0\u00a0\u00a0\u00a0\u00a0\u00a0\u00a0\u00a0\u00a0\u00a0\u00a0\u00a0\u00a0\u00a0\u00a0\u00a0\u00a0\u00a0\u00a0\u00a0\u00a0\u00a0\u00a0\u00a0\u00a0\u00a0\u00a0\u00a0\u00a0\u00a0\u00a0\u00a0\u00a0\u00a0\u00a0\u00a0\u00a0\u00a0\u00a0\u00a0\u00a0\u00a0\u00a0\u00a0\u00a0\u00a0\u00a0\u00a0\u00a0\u00a0\u00a0\u00a0\u00a0\u00a0\u00a0\u00a0\u00a0\u00a0\u00a0\u00a0\u00a0\u00a0\u00a0\u00a0\u00a0\u00a0\u00a0\u00a0\u00a0\u00a0\u00a0\u00a0\u00a0\u00a0\u00a0\u00a0\u00a0\u00a0\u00a0\u00a0\u00a0\u00a0\u00a0\u00a0\u00a0\u00a0\u00a0\u00a0\u00a0\u00a0\u00a0\u00a0\u00a0\u00a0\u00a0\u00a0\u00a0\u00a0\u00a0\u00a0\u00a0\u00a0\u00a0\u00a0\u00a0\u00a0\u00a0\u00a0\u00a0\u00a0\u00a0\u00a0\u00a0\u00a0\u00a0\u00a0\u00a0\u00a0\u00a0\u00a0\u00a0\u00a0\u00a0\u00a0\u00a0\u00a0\u00a0\u00a0\u00a0\u00a0\u00a0\u00a0\u00a0\u00a0\u00a0\u00a0\u00a0\u00a0\u00a0\u00a0\u00a0\u00a0\u00a0\u00a0\u00a0\u00a0\u00a0\u00a0\u00a0\u00a0\u00a0\u00a0\u00a0\u00a0\u00a0\u00a0\u00a0\u00a0\u00a0\u00a0\u00a0\u00a0\u00a0\u00a0\u00a0\u00a0\u00a0\u00a0\u00a0\u00a0\u00a0\u00a0\u00a0\u00a0\u00a0\u00a0<\/b><\/span><\/span><span style=\"font-size: 20px;\"><span style=\"color: #008000;\"><b> \u00a0\u00a0\u00a0\u00a0\u00a0\u00a0\u00a0\u00a0\u00a0\u00a0\u00a0\u00a0\u00a0\u00a0\u00a0\u00a0\u00a0\u00a0\u00a0\u00a0\u00a0\u00a0\u00a0\u00a0\u00a0\u00a0\u00a0\u00a0\u00a0\u00a0\u00a0\u00a0\u00a0\u00a0\u00a0\u00a0\u00a0\u00a0\u00a0\u00a0\u00a0\u00a0\u00a0\u00a0\u00a0\u00a0\u00a0\u00a0\u00a0\u00a0\u00a0\u00a0\u00a0\u00a0\u00a0\u00a0\u00a0\u00a0\u00a0\u00a0\u00a0\u00a0\u00a0\u00a0\u00a0\u00a0\u00a0\u00a0\u00a0\u00a0\u00a0\u00a0\u00a0\u00a0\u00a0\u00a0 <\/b><\/span><\/span><\/p>\n<p><span style=\"font-size: 18px;\">**** Ferienwohnung ca. 105 qm mit einem kleinen \u00fcberdachten Au\u00dfenbalkon und einem gro\u00dfen Balkon. <\/span><\/p>\n<p><span style=\"font-size: 18px;\">\u00dcber eine Wendeltreppe gelangen Sie zur eigenen Terrasse.<\/span><\/p>\n<p><span style=\"font-size: 18px;\">1 Doppelzimmer Bett 100 x 200cm , 1 Einzelzimmer Bett 140 x 200 cm. Bettw\u00e4sche vorhanden.<br \/><\/span><\/p>\n<p><span style=\"font-size: 18px;\">Wohnzimmer, EZ, kl.Schreibzimmer, Wlan, Safe.<\/span><\/p>\n<p><span style=\"font-size: 18px;\"> K\u00fcche ausgestattet mit K\u00fchl; Gefrierkombi, <\/span><span style=\"font-size: 18px;\">Senseo; Kaffeemaschine, Mikrowelle, <\/span><\/p>\n<p><span style=\"font-size: 18px;\">Wasserkocher, Toaster, B\u00fcgeleisen u. B\u00fcgelbrett.<br \/><\/span><\/p>\n<p><span style=\"font-size: 18px;\">DU\/WC, Handt\u00fccher, F\u00f6n vorhanden.<\/span><\/p>\n<p><strong>Autostellplatz direkt neben dem Haus.<br \/><\/strong><\/p>\n<hr \/><\/td>\n<td>\u00a0<\/td>\n<\/tr>\n<tr>\n<td>Bei ehemaligen G\u00e4ste, Preis auf Anfrage!<\/td>\n<td>\u00a0<\/td>\n<\/tr>\n<tr>\n<td>\u00a0<\/td>\n<td>\u00a0<\/td>\n<\/tr>\n<\/tbody>\n<\/table>\n<h3>\u00a0<\/h3>\n<div id=\"SL_balloon_obj\" style=\"display: block;\">\n<div id=\"SL_button\" class=\"SL_ImTranslatorLogo\" style=\"background: rgba(0, 0, 0, 0) url('moz-extension:\/\/bf8d8e96-055f-4d7e-88b5-17c1cfce8832\/content\/img\/util\/imtranslator-s.png') repeat scroll 0% 0%; display: none; opacity: 1; left: 833px; top: 406px;\">\u00a0<\/div>\n<div id=\"SL_shadow_translation_result2\" style=\"display: none;\">\u00a0<\/div>\n<div id=\"SL_shadow_translator\" style=\"display: none;\">\n<div id=\"SL_planshet\">\n<div id=\"SL_arrow_up\" style=\"background: rgba(0, 0, 0, 0) url('moz-extension:\/\/bf8d8e96-055f-4d7e-88b5-17c1cfce8832\/content\/img\/util\/up.png') repeat scroll 0% 0%;\">\u00a0<\/div>\n<div id=\"SL_Bproviders\">\n<div id=\"SL_P0\" class=\"SL_BL_LABLE_ON\" title=\"Google\">G<\/div>\n<div id=\"SL_P1\" class=\"SL_BL_LABLE_ON\" title=\"Microsoft\">M<\/div>\n<div id=\"SL_P2\" class=\"SL_BL_LABLE_ON\" title=\"Translator\">T<\/div>\n<\/div>\n<div id=\"SL_alert_bbl\" style=\"display: none;\">\n<div id=\"SLHKclose\" style=\"background: rgba(0, 0, 0, 0) url('moz-extension:\/\/bf8d8e96-055f-4d7e-88b5-17c1cfce8832\/content\/img\/util\/delete.png') repeat scroll 0% 0%;\">\u00a0<\/div>\n<div id=\"SL_alert_cont\">\u00a0<\/div>\n<\/div>\n<div id=\"SL_TB\">\n<table id=\"SL_tables\" cellspacing=\"1\">\n<tbody>\n<tr>\n<td class=\"SL_td\" align=\"right\" width=\"10%\"><input id=\"SL_locer\" title=\"Sprache sichern\" type=\"checkbox\" \/><\/td>\n<td class=\"SL_td\" align=\"left\" width=\"20%\"><select id=\"SL_lng_from\" style=\"background: #ffffff url('moz-extension:\/\/bf8d8e96-055f-4d7e-88b5-17c1cfce8832\/content\/img\/util\/select.png') no-repeat scroll 100% 0px;\">\n<option value=\"auto\">Sprache erkennen<\/option>\n<option value=\"af\">Afrikaans<\/option>\n<option value=\"sq\">Albanisch<\/option>\n<option value=\"ar\">Arabisch<\/option>\n<option value=\"hy\">Armenisch<\/option>\n<option value=\"az\">Aserbaidschanisch<\/option>\n<option value=\"eu\">Baskisch<\/option>\n<option value=\"bn\">Bengalisch<\/option>\n<option value=\"bs\">Bosnisch<\/option>\n<option value=\"bg\">Bulgarisch<\/option>\n<option value=\"my\">Burmesisch<\/option>\n<option value=\"ceb\">Cebuano<\/option>\n<option value=\"ny\">Chichewa<\/option>\n<option value=\"zh-CN\">Chinesisch (ver)<\/option>\n<option value=\"zh-TW\">Chinesisch (trad)<\/option>\n<option value=\"da\">D\u00e4nisch<\/option>\n<option value=\"de\">Deutsch<\/option>\n<option value=\"en\">Englisch<\/option>\n<option value=\"eo\">Esperanto<\/option>\n<option value=\"et\">Estnisch<\/option>\n<option value=\"fi\">Finnisch<\/option>\n<option value=\"fr\">Franz\u00f6sisch<\/option>\n<option value=\"gl\">Galizisch<\/option>\n<option value=\"ka\">Georgisch<\/option>\n<option value=\"el\">Griechisch<\/option>\n<option value=\"gu\">Gujarati<\/option>\n<option value=\"ht\">Haitianisch<\/option>\n<option value=\"ha\">Hausa<\/option>\n<option value=\"iw\">Hebr\u00e4isch<\/option>\n<option value=\"hi\">Hindi<\/option>\n<option value=\"hmn\">Hmong<\/option>\n<option value=\"ig\">Igbo<\/option>\n<option value=\"id\">Indonesisch<\/option>\n<option value=\"ga\">Irisch<\/option>\n<option value=\"is\">Isl\u00e4ndisch<\/option>\n<option value=\"it\">Italienisch<\/option>\n<option value=\"ja\">Japanisch<\/option>\n<option value=\"jw\">Javanesisch<\/option>\n<option value=\"yi\">Jiddisch<\/option>\n<option value=\"kn\">Kannada<\/option>\n<option value=\"kk\">Kasachisch<\/option>\n<option value=\"ca\">Katalanisch<\/option>\n<option value=\"km\">Khmer<\/option>\n<option value=\"ko\">Koreanisch<\/option>\n<option value=\"hr\">Kroatisch<\/option>\n<option value=\"lo\">Lao<\/option>\n<option value=\"la\">Lateinish<\/option>\n<option value=\"lv\">Lettisch<\/option>\n<option value=\"lt\">Litauisch<\/option>\n<option value=\"ml\">Malabarisch<\/option>\n<option value=\"mg\">Malagasy<\/option>\n<option value=\"ms\">Malaysisch<\/option>\n<option value=\"mt\">Maltesisch<\/option>\n<option value=\"mi\">Maori<\/option>\n<option value=\"mr\">Marathisch<\/option>\n<option value=\"mk\">Mazedonisch<\/option>\n<option value=\"mn\">Mongolisch<\/option>\n<option value=\"ne\">Nepalesisch<\/option>\n<option value=\"nl\">Niederl\u00e4ndisch<\/option>\n<option value=\"no\">Norwegisch<\/option>\n<option value=\"fa\">Persisch<\/option>\n<option value=\"pl\">Polnisch<\/option>\n<option value=\"pt\">Portugiesisch<\/option>\n<option value=\"pa\">Punjabi<\/option>\n<option value=\"ro\">Rum\u00e4nisch<\/option>\n<option value=\"ru\">Russisch<\/option>\n<option value=\"sv\">Schwedisch<\/option>\n<option value=\"sr\">Serbisch<\/option>\n<option value=\"st\">Sesotho<\/option>\n<option value=\"si\">Singhalesisch<\/option>\n<option value=\"sk\">Slowakisch<\/option>\n<option value=\"sl\">Slowenisch<\/option>\n<option value=\"so\">Somali<\/option>\n<option value=\"es\">Spanisch<\/option>\n<option value=\"sw\">Suaheli<\/option>\n<option value=\"su\">Sundanesisch<\/option>\n<option value=\"tg\">Tadschikisch<\/option>\n<option value=\"tl\">Tagalog<\/option>\n<option value=\"ta\">Tamil<\/option>\n<option value=\"te\">Telugu<\/option>\n<option value=\"th\">Thail\u00e4ndisch<\/option>\n<option value=\"cs\">Tschechisch<\/option>\n<option value=\"tr\">T\u00fcrkisch<\/option>\n<option value=\"uk\">Ukrainisch<\/option>\n<option value=\"hu\">Ungarisch<\/option>\n<option value=\"ur\">Urdu<\/option>\n<option value=\"uz\">Uzbekisch<\/option>\n<option value=\"vi\">Vietnamesisch<\/option>\n<option value=\"cy\">Walisisch<\/option>\n<option value=\"be\">Wei\u00dfrussisch<\/option>\n<option value=\"yo\">Yoruba<\/option>\n<option value=\"zu\">Zulu<\/option>\n<\/select><\/td>\n<td class=\"SL_td\" align=\"center\" width=\"3\">\n<div id=\"SL_switch_b\" style=\"background: rgba(0, 0, 0, 0) url('moz-extension:\/\/bf8d8e96-055f-4d7e-88b5-17c1cfce8832\/content\/img\/util\/switchb.png') repeat scroll 0% 0%;\" title=\"Sprachen umschalten\">\u00a0<\/div>\n<\/td>\n<td class=\"SL_td\" align=\"left\" width=\"20%\"><select id=\"SL_lng_to\" style=\"background: #ffffff url('moz-extension:\/\/bf8d8e96-055f-4d7e-88b5-17c1cfce8832\/content\/img\/util\/select.png') no-repeat scroll 100% 0px;\">\n<option value=\"af\">Afrikaans<\/option>\n<option value=\"sq\">Albanisch<\/option>\n<option value=\"ar\">Arabisch<\/option>\n<option value=\"hy\">Armenisch<\/option>\n<option value=\"az\">Aserbaidschanisch<\/option>\n<option value=\"eu\">Baskisch<\/option>\n<option value=\"bn\">Bengalisch<\/option>\n<option value=\"bs\">Bosnisch<\/option>\n<option value=\"bg\">Bulgarisch<\/option>\n<option value=\"my\">Burmesisch<\/option>\n<option value=\"ceb\">Cebuano<\/option>\n<option value=\"ny\">Chichewa<\/option>\n<option value=\"zh-CN\">Chinesisch (ver)<\/option>\n<option value=\"zh-TW\">Chinesisch (trad)<\/option>\n<option value=\"da\">D\u00e4nisch<\/option>\n<option selected=\"selected\" value=\"de\">Deutsch<\/option>\n<option value=\"en\">Englisch<\/option>\n<option value=\"eo\">Esperanto<\/option>\n<option value=\"et\">Estnisch<\/option>\n<option value=\"fi\">Finnisch<\/option>\n<option value=\"fr\">Franz\u00f6sisch<\/option>\n<option value=\"gl\">Galizisch<\/option>\n<option value=\"ka\">Georgisch<\/option>\n<option value=\"el\">Griechisch<\/option>\n<option value=\"gu\">Gujarati<\/option>\n<option value=\"ht\">Haitianisch<\/option>\n<option value=\"ha\">Hausa<\/option>\n<option value=\"iw\">Hebr\u00e4isch<\/option>\n<option value=\"hi\">Hindi<\/option>\n<option value=\"hmn\">Hmong<\/option>\n<option value=\"ig\">Igbo<\/option>\n<option value=\"id\">Indonesisch<\/option>\n<option value=\"ga\">Irisch<\/option>\n<option value=\"is\">Isl\u00e4ndisch<\/option>\n<option value=\"it\">Italienisch<\/option>\n<option value=\"ja\">Japanisch<\/option>\n<option value=\"jw\">Javanesisch<\/option>\n<option value=\"yi\">Jiddisch<\/option>\n<option value=\"kn\">Kannada<\/option>\n<option value=\"kk\">Kasachisch<\/option>\n<option value=\"ca\">Katalanisch<\/option>\n<option value=\"km\">Khmer<\/option>\n<option value=\"ko\">Koreanisch<\/option>\n<option value=\"hr\">Kroatisch<\/option>\n<option value=\"lo\">Lao<\/option>\n<option value=\"la\">Lateinish<\/option>\n<option value=\"lv\">Lettisch<\/option>\n<option value=\"lt\">Litauisch<\/option>\n<option value=\"ml\">Malabarisch<\/option>\n<option value=\"mg\">Malagasy<\/option>\n<option value=\"ms\">Malaysisch<\/option>\n<option value=\"mt\">Maltesisch<\/option>\n<option value=\"mi\">Maori<\/option>\n<option value=\"mr\">Marathisch<\/option>\n<option value=\"mk\">Mazedonisch<\/option>\n<option value=\"mn\">Mongolisch<\/option>\n<option value=\"ne\">Nepalesisch<\/option>\n<option value=\"nl\">Niederl\u00e4ndisch<\/option>\n<option value=\"no\">Norwegisch<\/option>\n<option value=\"fa\">Persisch<\/option>\n<option value=\"pl\">Polnisch<\/option>\n<option value=\"pt\">Portugiesisch<\/option>\n<option value=\"pa\">Punjabi<\/option>\n<option value=\"ro\">Rum\u00e4nisch<\/option>\n<option value=\"ru\">Russisch<\/option>\n<option value=\"sv\">Schwedisch<\/option>\n<option value=\"sr\">Serbisch<\/option>\n<option value=\"st\">Sesotho<\/option>\n<option value=\"si\">Singhalesisch<\/option>\n<option value=\"sk\">Slowakisch<\/option>\n<option value=\"sl\">Slowenisch<\/option>\n<option value=\"so\">Somali<\/option>\n<option value=\"es\">Spanisch<\/option>\n<option value=\"sw\">Suaheli<\/option>\n<option value=\"su\">Sundanesisch<\/option>\n<option value=\"tg\">Tadschikisch<\/option>\n<option value=\"tl\">Tagalog<\/option>\n<option value=\"ta\">Tamil<\/option>\n<option value=\"te\">Telugu<\/option>\n<option value=\"th\">Thail\u00e4ndisch<\/option>\n<option value=\"cs\">Tschechisch<\/option>\n<option value=\"tr\">T\u00fcrkisch<\/option>\n<option value=\"uk\">Ukrainisch<\/option>\n<option value=\"hu\">Ungarisch<\/option>\n<option value=\"ur\">Urdu<\/option>\n<option value=\"uz\">Uzbekisch<\/option>\n<option value=\"vi\">Vietnamesisch<\/option>\n<option value=\"cy\">Walisisch<\/option>\n<option value=\"be\">Wei\u00dfrussisch<\/option>\n<option value=\"yo\">Yoruba<\/option>\n<option value=\"zu\">Zulu<\/option>\n<\/select><\/td>\n<td class=\"SL_td\" align=\"center\" width=\"8%\">\n<div id=\"SL_TTS_voice\" style=\"background: rgba(0, 0, 0, 0) url('moz-extension:\/\/bf8d8e96-055f-4d7e-88b5-17c1cfce8832\/content\/img\/util\/ttsvoice.png') repeat scroll 0% 0%;\" title=\"Zuh\u00f6ren\">\u00a0<\/div>\n<\/td>\n<td class=\"SL_td\" align=\"center\" width=\"8%\">\n<div id=\"SL_copy\" class=\"SL_copy\" style=\"background: rgba(0, 0, 0, 0) url('moz-extension:\/\/bf8d8e96-055f-4d7e-88b5-17c1cfce8832\/content\/img\/util\/copy.png') repeat scroll 0% 0%;\" title=\"Kopieren\">\u00a0<\/div>\n<\/td>\n<td class=\"SL_td\" align=\"center\" width=\"8%\">\n<div id=\"SL_bbl_font_patch\">\u00a0<\/div>\n<div id=\"SL_bbl_font\" class=\"SL_bbl_font\" style=\"background: rgba(0, 0, 0, 0) url('moz-extension:\/\/bf8d8e96-055f-4d7e-88b5-17c1cfce8832\/content\/img\/util\/font.png') repeat scroll 0% 0%;\" title=\"Schriftgr\u00f6\u00dfe\">\u00a0<\/div>\n<\/td>\n<td class=\"SL_td\" align=\"center\" width=\"8%\">\n<div id=\"SL_bbl_help\" style=\"background: rgba(0, 0, 0, 0) url('moz-extension:\/\/bf8d8e96-055f-4d7e-88b5-17c1cfce8832\/content\/img\/util\/bhelp.png') repeat scroll 0% 0%;\" title=\"Hilfe\">\u00a0<\/div>\n<\/td>\n<td class=\"SL_td\" align=\"right\" width=\"15%\">\n<div id=\"SL_pin\" class=\"SL_pin_off\" style=\"background: rgba(0, 0, 0, 0) url('moz-extension:\/\/bf8d8e96-055f-4d7e-88b5-17c1cfce8832\/content\/img\/util\/pin-on.png') repeat scroll 0% 0%;\" title=\"Pop-up-\u00dcbersetzer nageln\">\u00a0<\/div>\n<\/td>\n<\/tr>\n<\/tbody>\n<\/table>\n<\/div>\n<\/div>\n<div id=\"SL_shadow_translation_result\" style=\"visibility: visible;\">\u00a0<\/div>\n<div id=\"SL_loading\" class=\"SL_loading\" style=\"background: rgba(0, 0, 0, 0) url('moz-extension:\/\/bf8d8e96-055f-4d7e-88b5-17c1cfce8832\/content\/img\/util\/loading.gif') repeat scroll 0% 0%;\">\u00a0<\/div>\n<div id=\"SL_player2\">\u00a0<\/div>\n<div id=\"SL_alert100\">Die Sound-Funktion ist auf 200 Zeichen begrenzt<\/div>\n<div id=\"SL_Balloon_options\" style=\"background: #ffffff url('moz-extension:\/\/bf8d8e96-055f-4d7e-88b5-17c1cfce8832\/content\/img\/util\/bg3.png') repeat scroll 0% 0%;\">\n<div id=\"SL_arrow_down\" style=\"background: rgba(0, 0, 0, 0) url('moz-extension:\/\/bf8d8e96-055f-4d7e-88b5-17c1cfce8832\/content\/img\/util\/down.png') repeat scroll 0% 0%;\">\u00a0<\/div>\n<table id=\"SL_tbl_opt\" width=\"100%\">\n<tbody>\n<tr>\n<td align=\"center\" width=\"5%\"><input id=\"SL_BBL_locer\" title=\"Schaltfl\u00e4che ImTranslator anzeigen 3 Sekunden\" checked=\"checked\" type=\"checkbox\" \/><\/td>\n<td align=\"left\" width=\"5%\">\n<div id=\"SL_BBL_IMG\" style=\"background: rgba(0, 0, 0, 0) url('moz-extension:\/\/bf8d8e96-055f-4d7e-88b5-17c1cfce8832\/content\/img\/util\/bbl-logo.png') repeat scroll 0% 0%;\" title=\"Schaltfl\u00e4che ImTranslator anzeigen 3 Sekunden\">\u00a0<\/div>\n<\/td>\n<td align=\"center\" width=\"70%\"><a class=\"SL_options\" title=\"Optionen anzeigen\" href=\"\/\/bf8d8e96-055f-4d7e-88b5-17c1cfce8832\/content\/html\/options\/options.html?bbl\" target=\"_blank\" rel=\"noopener noreferrer\">Optionen<\/a> : <a class=\"SL_options\" title=\"\u00dcbersetzungsverlauf\" href=\"\/\/bf8d8e96-055f-4d7e-88b5-17c1cfce8832\/content\/html\/options\/options.html?hist\" target=\"_blank\" rel=\"noopener noreferrer\">Geschichte<\/a> : <a class=\"SL_options\" title=\"R\u00fcckkoppelung\" href=\"\/\/bf8d8e96-055f-4d7e-88b5-17c1cfce8832\/content\/html\/options\/options.html?feed\" target=\"_blank\" rel=\"noopener noreferrer\">Feedback<\/a> : <a class=\"SL_options\" title=\"Beitrag leisten\" href=\"https:\/\/www.paypal.com\/cgi-bin\/webscr?cmd=_s-xclick&amp;hosted_button_id=GD9D8CPW8HFA2\" target=\"_blank\" rel=\"noopener noreferrer\">Donate<\/a><\/td>\n<td align=\"right\" width=\"15%\"><span id=\"SL_Balloon_Close\" title=\"Schlie\u00dfen\">Schlie\u00dfen<\/span><\/td>\n<\/tr>\n<\/tbody>\n<\/table>\n<\/div>\n<\/div>\n<\/div>\n<\/div>\n","protected":false},"excerpt":{"rendered":"<p>Unsere Preise Ferienwohnung: ab 3 N\u00e4chte1 Pers. 60 \u20ac Nacht2 Pers. 70 \u20ac Nacht\u00a0 \u00a0 Schlafen in getrennten Zimmer m\u00f6glich ! Check-in 14.30 Uhr &#8211; Check-out 10.00 Uhr \u00a0 \u00a0 \u00a0\u00a0\u00a0\u00a0 \u00a0\u00a0\u00a0\u00a0\u00a0\u00a0\u00a0\u00a0\u00a0\u00a0\u00a0\u00a0\u00a0\u00a0\u00a0\u00a0\u00a0\u00a0\u00a0\u00a0\u00a0\u00a0\u00a0\u00a0\u00a0\u00a0\u00a0\u00a0\u00a0\u00a0\u00a0\u00a0\u00a0\u00a0\u00a0\u00a0\u00a0\u00a0\u00a0\u00a0\u00a0\u00a0\u00a0\u00a0\u00a0\u00a0\u00a0\u00a0\u00a0\u00a0\u00a0\u00a0\u00a0\u00a0\u00a0\u00a0\u00a0\u00a0\u00a0 \u00a0\u00a0\u00a0\u00a0\u00a0\u00a0\u00a0\u00a0\u00a0\u00a0\u00a0\u00a0\u00a0\u00a0\u00a0\u00a0\u00a0\u00a0\u00a0\u00a0\u00a0\u00a0\u00a0\u00a0\u00a0\u00a0\u00a0\u00a0\u00a0\u00a0\u00a0\u00a0\u00a0\u00a0\u00a0\u00a0\u00a0\u00a0\u00a0\u00a0\u00a0\u00a0\u00a0\u00a0\u00a0\u00a0\u00a0\u00a0\u00a0\u00a0\u00a0\u00a0\u00a0\u00a0\u00a0\u00a0\u00a0\u00a0\u00a0 \u00a0\u00a0\u00a0\u00a0\u00a0\u00a0\u00a0\u00a0\u00a0\u00a0\u00a0\u00a0\u00a0\u00a0\u00a0\u00a0\u00a0\u00a0\u00a0\u00a0\u00a0\u00a0\u00a0\u00a0\u00a0\u00a0\u00a0\u00a0\u00a0\u00a0\u00a0\u00a0\u00a0\u00a0\u00a0\u00a0\u00a0\u00a0\u00a0\u00a0\u00a0\u00a0\u00a0\u00a0\u00a0\u00a0\u00a0\u00a0\u00a0\u00a0\u00a0\u00a0\u00a0\u00a0\u00a0\u00a0\u00a0\u00a0\u00a0\u00a0\u00a0\u00a0\u00a0\u00a0\u00a0\u00a0\u00a0\u00a0\u00a0\u00a0\u00a0\u00a0\u00a0\u00a0\u00a0\u00a0\u00a0\u00a0\u00a0\u00a0\u00a0\u00a0\u00a0\u00a0\u00a0\u00a0\u00a0\u00a0\u00a0\u00a0\u00a0\u00a0\u00a0\u00a0\u00a0\u00a0\u00a0\u00a0\u00a0\u00a0\u00a0\u00a0\u00a0\u00a0\u00a0\u00a0\u00a0\u00a0\u00a0\u00a0\u00a0\u00a0\u00a0\u00a0\u00a0\u00a0\u00a0\u00a0\u00a0\u00a0\u00a0\u00a0\u00a0\u00a0\u00a0\u00a0\u00a0\u00a0\u00a0\u00a0\u00a0\u00a0\u00a0\u00a0\u00a0\u00a0\u00a0\u00a0\u00a0\u00a0\u00a0\u00a0\u00a0\u00a0\u00a0\u00a0\u00a0\u00a0\u00a0\u00a0\u00a0\u00a0\u00a0\u00a0\u00a0\u00a0\u00a0\u00a0\u00a0\u00a0\u00a0\u00a0\u00a0\u00a0\u00a0\u00a0\u00a0\u00a0\u00a0\u00a0\u00a0\u00a0\u00a0\u00a0\u00a0\u00a0\u00a0\u00a0\u00a0\u00a0\u00a0\u00a0\u00a0\u00a0\u00a0\u00a0\u00a0\u00a0\u00a0\u00a0\u00a0\u00a0\u00a0\u00a0\u00a0\u00a0\u00a0\u00a0\u00a0\u00a0\u00a0\u00a0\u00a0\u00a0\u00a0\u00a0\u00a0\u00a0\u00a0\u00a0\u00a0\u00a0\u00a0 \u00a0\u00a0\u00a0\u00a0\u00a0\u00a0\u00a0\u00a0\u00a0\u00a0\u00a0\u00a0\u00a0\u00a0\u00a0\u00a0\u00a0\u00a0\u00a0\u00a0\u00a0\u00a0\u00a0\u00a0\u00a0\u00a0\u00a0\u00a0\u00a0\u00a0\u00a0\u00a0\u00a0\u00a0\u00a0\u00a0\u00a0\u00a0\u00a0\u00a0\u00a0\u00a0\u00a0\u00a0\u00a0\u00a0\u00a0\u00a0\u00a0\u00a0\u00a0\u00a0\u00a0\u00a0\u00a0\u00a0\u00a0\u00a0\u00a0\u00a0\u00a0\u00a0\u00a0\u00a0\u00a0\u00a0\u00a0\u00a0\u00a0\u00a0\u00a0\u00a0\u00a0\u00a0\u00a0\u00a0 **** Ferienwohnung ca. 105 qm mit einem kleinen \u00fcberdachten Au\u00dfenbalkon und einem gro\u00dfen Balkon. \u00dcber eine Wendeltreppe gelangen Sie zur [&hellip;]<\/p>\n","protected":false},"author":1,"featured_media":0,"parent":0,"menu_order":0,"comment_status":"closed","ping_status":"closed","template":"","meta":{"footnotes":""},"class_list":["post-262","page","type-page","status-publish","hentry"],"_links":{"self":[{"href":"https:\/\/ferienwohnungkirsch.de\/web\/wp-json\/wp\/v2\/pages\/262","targetHints":{"allow":["GET"]}}],"collection":[{"href":"https:\/\/ferienwohnungkirsch.de\/web\/wp-json\/wp\/v2\/pages"}],"about":[{"href":"https:\/\/ferienwohnungkirsch.de\/web\/wp-json\/wp\/v2\/types\/page"}],"author":[{"embeddable":true,"href":"https:\/\/ferienwohnungkirsch.de\/web\/wp-json\/wp\/v2\/users\/1"}],"replies":[{"embeddable":true,"href":"https:\/\/ferienwohnungkirsch.de\/web\/wp-json\/wp\/v2\/comments?post=262"}],"version-history":[{"count":170,"href":"https:\/\/ferienwohnungkirsch.de\/web\/wp-json\/wp\/v2\/pages\/262\/revisions"}],"predecessor-version":[{"id":1259,"href":"https:\/\/ferienwohnungkirsch.de\/web\/wp-json\/wp\/v2\/pages\/262\/revisions\/1259"}],"wp:attachment":[{"href":"https:\/\/ferienwohnungkirsch.de\/web\/wp-json\/wp\/v2\/media?parent=262"}],"curies":[{"name":"wp","href":"https:\/\/api.w.org\/{rel}","templated":true}]}}