{"id":98,"date":"2016-05-11T11:01:51","date_gmt":"2016-05-11T11:01:51","guid":{"rendered":"http:\/\/ferienwohnungkirsch.de\/web\/?page_id=98"},"modified":"2025-12-10T17:23:59","modified_gmt":"2025-12-10T16:23:59","slug":"start","status":"publish","type":"page","link":"https:\/\/ferienwohnungkirsch.de\/web\/","title":{"rendered":"Ferien im St. Wendeler Land, wo Besinnlichkeit zu Hause ist."},"content":{"rendered":"\n<p><\/p>\n\n\n<h2 style=\"text-align: center;\">St. Wendel \u2013 Winterbach<\/h2>\n<p style=\"text-align: left;\">Winterbach ist der 2. gr\u00f6\u00dfte Stadtteil von St. Wendel. St. Wendel bietet Ihnen zahlreiche kulturelle Angebote sowie sehr viele aktive Freizeitm\u00f6glichkeiten. Das St. Wendeler &#8211; Land mit seinen Sehensw\u00fcrdigkeiten, die traumhafte Natur und die abwechselungsreiche Landschaft, laden zum Entdecken ein.<\/p>\n<p style=\"text-align: center;\"><img loading=\"lazy\" decoding=\"async\" class=\"aligncenter size-full wp-image-373\" src=\"https:\/\/ferienwohnungkirsch.de\/web\/wp-content\/uploads\/2016\/05\/winterbach03.jpg\" alt=\"\" width=\"800\" height=\"395\" srcset=\"https:\/\/ferienwohnungkirsch.de\/web\/wp-content\/uploads\/2016\/05\/winterbach03.jpg 800w, https:\/\/ferienwohnungkirsch.de\/web\/wp-content\/uploads\/2016\/05\/winterbach03-300x148.jpg 300w, https:\/\/ferienwohnungkirsch.de\/web\/wp-content\/uploads\/2016\/05\/winterbach03-768x379.jpg 768w\" sizes=\"auto, (max-width: 800px) 100vw, 800px\" \/><\/p>\n<p style=\"text-align: center;\"><em>St\u00f6bern Sie einfach in den Hinweisen, die wir f\u00fcr unsere G\u00e4ste in der Rubrik <a href=\"sehenswert\">Sehenswert<\/a> bereitstellen.<\/em><\/p>\n<h1 style=\"text-align: center;\"><a href=\"anfrage\">Seien Sie unser Gast!<\/a><\/h1>\n<table style=\"width: 100%;\" border=\"0\" cellspacing=\"1\" cellpadding=\"1\">\n<tbody>\n<tr>\n<td style=\"text-align: center;\"><img loading=\"lazy\" decoding=\"async\" class=\"aligncenter  wp-image-747\" src=\"https:\/\/ferienwohnungkirsch.de\/web\/wp-content\/uploads\/2020\/09\/P3800146-FILEminimizer-400x300.jpg\" alt=\"\" width=\"407\" height=\"305\" srcset=\"https:\/\/ferienwohnungkirsch.de\/web\/wp-content\/uploads\/2020\/09\/P3800146-FILEminimizer-400x300.jpg 400w, https:\/\/ferienwohnungkirsch.de\/web\/wp-content\/uploads\/2020\/09\/P3800146-FILEminimizer-150x113.jpg 150w, https:\/\/ferienwohnungkirsch.de\/web\/wp-content\/uploads\/2020\/09\/P3800146-FILEminimizer-768x576.jpg 768w, https:\/\/ferienwohnungkirsch.de\/web\/wp-content\/uploads\/2020\/09\/P3800146-FILEminimizer.jpg 1024w\" sizes=\"auto, (max-width: 407px) 100vw, 407px\" \/><br \/><img loading=\"lazy\" decoding=\"async\" class=\"aligncenter size-large wp-image-744\" src=\"https:\/\/ferienwohnungkirsch.de\/web\/wp-content\/uploads\/2020\/09\/20170611_142858-FILEminimizer-Kopie-253x400.jpg\" alt=\"\" width=\"253\" height=\"400\" srcset=\"https:\/\/ferienwohnungkirsch.de\/web\/wp-content\/uploads\/2020\/09\/20170611_142858-FILEminimizer-Kopie-253x400.jpg 253w, https:\/\/ferienwohnungkirsch.de\/web\/wp-content\/uploads\/2020\/09\/20170611_142858-FILEminimizer-Kopie-95x150.jpg 95w, https:\/\/ferienwohnungkirsch.de\/web\/wp-content\/uploads\/2020\/09\/20170611_142858-FILEminimizer-Kopie-768x1215.jpg 768w, https:\/\/ferienwohnungkirsch.de\/web\/wp-content\/uploads\/2020\/09\/20170611_142858-FILEminimizer-Kopie-971x1536.jpg 971w, https:\/\/ferienwohnungkirsch.de\/web\/wp-content\/uploads\/2020\/09\/20170611_142858-FILEminimizer-Kopie.jpg 1024w\" sizes=\"auto, (max-width: 253px) 100vw, 253px\" \/><\/td>\n<td style=\"text-align: center;\">\u00a0<\/td>\n<\/tr>\n<tr>\n<td style=\"text-align: center;\" colspan=\"2\"><strong>**** Komfortable, vom Tourismusverband mit<\/strong> <strong><span style=\"color: #ff0000;\">4 Sterne<\/span> <\/strong>ausgezeichnete ca. 100 qm gro\u00dfe FW.\u00a0\u00a0 Eine seitliche Wendeltreppe erm\u00f6glicht den Zugang zur Liegewiese.<\/td>\n<\/tr>\n<\/tbody>\n<\/table>\n<p>Die Wohnung bietet Platz f\u00fcr 2 bis 3 Personen und befindet sich im\u00a0 1. Obergeschoss.<\/p>\n<p>Wohnzimmer, Esszimmer, kl.Schreibzimmer, K\u00fcche ist ausgestattet mit Sp\u00fclmaschine, K\u00fchlschrank mit Gefrierkombination, Mikrowelle, Elektroherd mit 4 Herdplatten,<\/p>\n<p>Airfryer 4 Ltr. Kaffeemaschine und eine Senceomaschine stehen ihnen zur Verf\u00fcgung.<\/p>\n<p>1 Schlafzimmer mit Doppelbett und 1 Einzelzimmer, Bad mit Dusche und WC<\/p>\n<p>Bettw\u00e4sche, Hand u. Geschirrt\u00fccher,\u00a0 B\u00fcgelbrett, B\u00fcgeleisen, Haarf\u00f6hn sind vorhanden.\u00a0<\/p>\n<p>Bei l\u00e4ngerer Anmietung steht\u00a0 Ihnen Waschmaschine und W\u00e4schetrockner\u00a0 im Gemeinschaftsraum zur Verf\u00fcgung.<\/p>\n<p>Bostalsee in 16 km Entfernung. Discounter Globus, Aldi, Lidl, Netto in ca. 4 bis 5 km Entfernung. Penny in ca. 320 Meter Entfernung <img loading=\"lazy\" decoding=\"async\" class=\"aligncenter size-large wp-image-76\" src=\"https:\/\/ferienwohnungkirsch.de\/web\/wp-content\/uploads\/2016\/05\/2013-05-23_16-1-1024x768.jpg\" alt=\"\" width=\"400\" height=\"300\" srcset=\"https:\/\/ferienwohnungkirsch.de\/web\/wp-content\/uploads\/2016\/05\/2013-05-23_16-1-1024x768.jpg 1024w, https:\/\/ferienwohnungkirsch.de\/web\/wp-content\/uploads\/2016\/05\/2013-05-23_16-1-300x225.jpg 300w, https:\/\/ferienwohnungkirsch.de\/web\/wp-content\/uploads\/2016\/05\/2013-05-23_16-1-768x576.jpg 768w\" sizes=\"auto, (max-width: 400px) 100vw, 400px\" \/><\/p>","protected":false},"excerpt":{"rendered":"<p>St. Wendel \u2013 Winterbach Winterbach ist der 2. gr\u00f6\u00dfte Stadtteil von St. Wendel. St. Wendel bietet Ihnen zahlreiche kulturelle Angebote sowie sehr viele aktive Freizeitm\u00f6glichkeiten. Das St. Wendeler &#8211; Land mit seinen Sehensw\u00fcrdigkeiten, die traumhafte Natur und die abwechselungsreiche Landschaft, laden zum Entdecken ein. St\u00f6bern Sie einfach in den Hinweisen, die wir f\u00fcr unsere G\u00e4ste [&hellip;]<\/p>\n","protected":false},"author":1,"featured_media":0,"parent":0,"menu_order":0,"comment_status":"closed","ping_status":"closed","template":"","meta":{"footnotes":""},"class_list":["post-98","page","type-page","status-publish","hentry"],"aioseo_notices":[],"_links":{"self":[{"href":"https:\/\/ferienwohnungkirsch.de\/web\/wp-json\/wp\/v2\/pages\/98","targetHints":{"allow":["GET"]}}],"collection":[{"href":"https:\/\/ferienwohnungkirsch.de\/web\/wp-json\/wp\/v2\/pages"}],"about":[{"href":"https:\/\/ferienwohnungkirsch.de\/web\/wp-json\/wp\/v2\/types\/page"}],"author":[{"embeddable":true,"href":"https:\/\/ferienwohnungkirsch.de\/web\/wp-json\/wp\/v2\/users\/1"}],"replies":[{"embeddable":true,"href":"https:\/\/ferienwohnungkirsch.de\/web\/wp-json\/wp\/v2\/comments?post=98"}],"version-history":[{"count":103,"href":"https:\/\/ferienwohnungkirsch.de\/web\/wp-json\/wp\/v2\/pages\/98\/revisions"}],"predecessor-version":[{"id":1225,"href":"https:\/\/ferienwohnungkirsch.de\/web\/wp-json\/wp\/v2\/pages\/98\/revisions\/1225"}],"wp:attachment":[{"href":"https:\/\/ferienwohnungkirsch.de\/web\/wp-json\/wp\/v2\/media?parent=98"}],"curies":[{"name":"wp","href":"https:\/\/api.w.org\/{rel}","templated":true}]}}